{"id":4116,"date":"2020-08-02T20:48:37","date_gmt":"2020-08-02T20:48:37","guid":{"rendered":"https:\/\/www.musicotherapieaqm.org\/fr\/?page_id=4116"},"modified":"2021-01-21T16:49:58","modified_gmt":"2021-01-21T16:49:58","slug":"musicotherapeute","status":"publish","type":"page","link":"https:\/\/www.musicotherapieaqm.org\/fr\/musicotherapeute\/","title":{"rendered":"Le musicoth\u00e9rapeute"},"content":{"rendered":"\r\n<h3 class=\"wp-block-heading\"><img decoding=\"async\" loading=\"lazy\" class=\"alignright wp-image-4153\" src=\"https:\/\/www.musicotherapieaqm.org\/fr\/wp-content\/uploads\/2015\/12\/slider-3-3-750x510.jpg\" alt=\"\" width=\"470\" height=\"321\" \/>QUI EST LE MUSICOTH\u00c9RAPEUTE ?<\/h3>\r\n\r\n\r\n\r\n<p>Le musicoth\u00e9rapeute est un professionnel certifi\u00e9 (MTA) qui :<\/p>\r\n\r\n\r\n\r\n<ul>\r\n<li>Est <strong>dipl\u00f4m\u00e9<\/strong> d\u2019un programme de formation universitaire reconnu par l\u2019Association canadienne des musicoth\u00e9rapeutes (ACM)<\/li>\r\n<li>A <strong>compl\u00e9t\u00e9 un stage de 1000 heures<\/strong> sous la supervision d\u2019un professionnel certifi\u00e9 par l\u2019ACM<\/li>\r\n<li>Est <strong>d\u00fbment certifi\u00e9<\/strong> ou inscrit au processus de certification menant au titre de musicoth\u00e9rapeute certifi\u00e9 de l\u2019ACM<\/li>\r\n<li>Est <strong>membre actif<\/strong> en r\u00e8gle de l\u2019AQM et de l\u2019ACM<\/li>\r\n<li>Travaille de mani\u00e8re s\u00e9curitaire et respecte le <strong>code de d\u00e9ontologie<\/strong> de l\u2019ACM<\/li>\r\n<\/ul>\r\n\r\n\r\n\r\n<p>En plus de sa formation universitaire, le musicoth\u00e9rapeute certifi\u00e9 poss\u00e8de des connaissances et des comp\u00e9tences dans les domaines suivants :<\/p>\r\n\r\n\r\n\r\n<ul>\r\n<li>La musique et ses impacts<\/li>\r\n<li>L\u2019improvisation clinique et diff\u00e9rentes techniques d\u2019intervention en musicoth\u00e9rapie pour atteindre des buts th\u00e9rapeutiques<\/li>\r\n<li>Les approches sp\u00e9cifiques en musicoth\u00e9rapie<\/li>\r\n<li>Les r\u00e9centes recherches en musicoth\u00e9rapie<\/li>\r\n<li>Le d\u00e9veloppement psychosocial et les caract\u00e9ristiques et besoins reli\u00e9s \u00e0 diverses pathologies<\/li>\r\n<li>La r\u00e9daction d\u2019\u00e9valuations en musicoth\u00e9rapie, de plans de traitement et de notes d\u2019\u00e9volution<\/li>\r\n<\/ul>\r\n\r\n\r\n\r\n<div class=\"wp-block-spacer\" style=\"height: 43px;\" aria-hidden=\"true\">\u00a0<\/div>\r\n\r\n\r\n\r\n<p>&nbsp;<\/p>\r\n","protected":false},"excerpt":{"rendered":"<p>QUI EST LE MUSICOTH\u00c9RAPEUTE ? Le musicoth\u00e9rapeute est un professionnel certifi\u00e9 (MTA) qui : Est dipl\u00f4m\u00e9 d\u2019un programme de formation universitaire reconnu par l\u2019Association canadienne des musicoth\u00e9rapeutes (ACM) A compl\u00e9t\u00e9 un stage de 1000 heures sous la supervision d\u2019un professionnel certifi\u00e9 par l\u2019ACM Est d\u00fbment certifi\u00e9 ou inscrit au processus de certification menant au titre [&hellip;]<\/p>\n","protected":false},"author":1,"featured_media":0,"parent":0,"menu_order":0,"comment_status":"closed","ping_status":"closed","template":"","meta":{"footnotes":""},"_links":{"self":[{"href":"https:\/\/www.musicotherapieaqm.org\/fr\/wp-json\/wp\/v2\/pages\/4116"}],"collection":[{"href":"https:\/\/www.musicotherapieaqm.org\/fr\/wp-json\/wp\/v2\/pages"}],"about":[{"href":"https:\/\/www.musicotherapieaqm.org\/fr\/wp-json\/wp\/v2\/types\/page"}],"author":[{"embeddable":true,"href":"https:\/\/www.musicotherapieaqm.org\/fr\/wp-json\/wp\/v2\/users\/1"}],"replies":[{"embeddable":true,"href":"https:\/\/www.musicotherapieaqm.org\/fr\/wp-json\/wp\/v2\/comments?post=4116"}],"version-history":[{"count":9,"href":"https:\/\/www.musicotherapieaqm.org\/fr\/wp-json\/wp\/v2\/pages\/4116\/revisions"}],"predecessor-version":[{"id":4509,"href":"https:\/\/www.musicotherapieaqm.org\/fr\/wp-json\/wp\/v2\/pages\/4116\/revisions\/4509"}],"wp:attachment":[{"href":"https:\/\/www.musicotherapieaqm.org\/fr\/wp-json\/wp\/v2\/media?parent=4116"}],"curies":[{"name":"wp","href":"https:\/\/api.w.org\/{rel}","templated":true}]}}