{"id":4120,"date":"2020-08-02T20:51:02","date_gmt":"2020-08-02T20:51:02","guid":{"rendered":"https:\/\/www.musicotherapieaqm.org\/fr\/?page_id=4120"},"modified":"2020-08-06T22:46:15","modified_gmt":"2020-08-06T22:46:15","slug":"fiches-cliniques","status":"publish","type":"page","link":"https:\/\/www.musicotherapieaqm.org\/fr\/fiches-cliniques\/","title":{"rendered":"Fiches cliniques"},"content":{"rendered":"\n<p>Les fiches cliniques sont des fiches d&rsquo;informations d\u00e9crivant la fa\u00e7on dont la musicoth\u00e9rapie peut aider diverses client\u00e8les. T\u00e9l\u00e9chargez les fiches suivantes en cliquant sur le lien qui vous int\u00e9resse.<\/p>\n\n\n\n<ul><li><img decoding=\"async\" loading=\"lazy\" width=\"16\" height=\"16\" class=\"wp-image-4295\" style=\"width: 16px;\" src=\"https:\/\/www.musicotherapieaqm.org\/fr\/wp-content\/uploads\/2015\/12\/pdf.gif\" alt=\"\"><a rel=\"noreferrer noopener\" href=\"https:\/\/www.musicotherapieaqm.org\/fr\/wp-content\/uploads\/2015\/12\/AVCTCC115.pdf\" target=\"_blank\">Accident vasculaire c\u00e9r\u00e9bral (AVC), traumatisme cr\u00e2nio-c\u00e9r\u00e9bral (TCC)<\/a><\/li><li><img decoding=\"async\" loading=\"lazy\" width=\"16\" height=\"16\" class=\"wp-image-4295\" style=\"width: 16px;\" src=\"https:\/\/www.musicotherapieaqm.org\/fr\/wp-content\/uploads\/2015\/12\/pdf.gif\" alt=\"\"><a rel=\"noreferrer noopener\" href=\"https:\/\/www.musicotherapieaqm.org\/fr\/wp-content\/uploads\/2015\/12\/dystrophie15.pdf\" target=\"_blank\">Dystrophie musculaire, paralysie c\u00e9r\u00e9brale, scl\u00e9rose en plaques, etc.<\/a><\/li><li><img decoding=\"async\" loading=\"lazy\" width=\"16\" height=\"16\" class=\"wp-image-4295\" style=\"width: 16px;\" src=\"https:\/\/www.musicotherapieaqm.org\/fr\/wp-content\/uploads\/2015\/12\/pdf.gif\" alt=\"\"><a rel=\"noreferrer noopener\" href=\"https:\/\/www.musicotherapieaqm.org\/fr\/wp-content\/uploads\/2015\/12\/limitations_physiques15.pdf\" target=\"_blank\">Limitations physiques<\/a><\/li><li><img decoding=\"async\" loading=\"lazy\" width=\"16\" height=\"16\" class=\"wp-image-4295\" style=\"width: 16px;\" src=\"https:\/\/www.musicotherapieaqm.org\/fr\/wp-content\/uploads\/2015\/12\/pdf.gif\" alt=\"\"><a rel=\"noreferrer noopener\" href=\"https:\/\/www.musicotherapieaqm.org\/fr\/wp-content\/uploads\/2015\/12\/alzheimer15.pdf\" target=\"_blank\">Maladie d&rsquo;Alzheimer et autres d\u00e9mences<\/a><\/li><li><img decoding=\"async\" loading=\"lazy\" width=\"16\" height=\"16\" class=\"wp-image-4295\" style=\"width: 16px;\" src=\"https:\/\/www.musicotherapieaqm.org\/fr\/wp-content\/uploads\/2015\/12\/pdf.gif\" alt=\"\"><a rel=\"noreferrer noopener\" href=\"https:\/\/www.musicotherapieaqm.org\/fr\/wp-content\/uploads\/2015\/12\/TSA15.pdf\" target=\"_blank\">Troubles du spectre de l&rsquo;autisme (TSA)<\/a><\/li><li><img decoding=\"async\" loading=\"lazy\" width=\"16\" height=\"16\" class=\"wp-image-4295\" style=\"width: 16px;\" src=\"https:\/\/www.musicotherapieaqm.org\/fr\/wp-content\/uploads\/2015\/12\/pdf.gif\" alt=\"\"><a href=\"https:\/\/www.musicotherapieaqm.org\/fr\/wp-content\/uploads\/2015\/12\/dysphasie15.pdf\">Dysphasie<\/a><\/li><li><img decoding=\"async\" loading=\"lazy\" width=\"16\" height=\"16\" class=\"wp-image-4295\" style=\"width: 16px;\" src=\"https:\/\/www.musicotherapieaqm.org\/fr\/wp-content\/uploads\/2015\/12\/pdf.gif\" alt=\"\"><a rel=\"noreferrer noopener\" href=\"https:\/\/www.musicotherapieaqm.org\/fr\/wp-content\/uploads\/2015\/12\/TDAH15.pdf\" target=\"_blank\">Trouble de d\u00e9ficit de l\u2019attention\/hyperactivit\u00e9 (TDAH)<\/a><\/li><li><img decoding=\"async\" loading=\"lazy\" width=\"16\" height=\"16\" class=\"wp-image-4295\" style=\"width: 16px;\" src=\"https:\/\/www.musicotherapieaqm.org\/fr\/wp-content\/uploads\/2015\/12\/pdf.gif\" alt=\"\"><a rel=\"noreferrer noopener\" href=\"https:\/\/www.musicotherapieaqm.org\/fr\/wp-content\/uploads\/2015\/12\/deficience_intellectuelle15.pdf\" target=\"_blank\">D\u00e9ficience intellectuelle<\/a><\/li><li><img decoding=\"async\" loading=\"lazy\" width=\"16\" height=\"16\" class=\"wp-image-4295\" style=\"width: 16px;\" src=\"https:\/\/www.musicotherapieaqm.org\/fr\/wp-content\/uploads\/2015\/12\/pdf.gif\" alt=\"\"><a rel=\"noreferrer noopener\" href=\"https:\/\/www.musicotherapieaqm.org\/fr\/wp-content\/uploads\/2015\/12\/maladies_degeneratives15.pdf\" target=\"_blank\">Cancer, sida, maladies d\u00e9g\u00e9n\u00e9ratives<\/a><\/li><li><img decoding=\"async\" loading=\"lazy\" width=\"16\" height=\"16\" class=\"wp-image-4295\" style=\"width: 16px;\" src=\"https:\/\/www.musicotherapieaqm.org\/fr\/wp-content\/uploads\/2015\/12\/pdf.gif\" alt=\"\"><a rel=\"noreferrer noopener\" href=\"https:\/\/www.musicotherapieaqm.org\/fr\/wp-content\/uploads\/2015\/12\/schizophrenie15.pdf\" target=\"_blank\">Schizophr\u00e9nie et troubles psychotiques<\/a><\/li><li><img decoding=\"async\" loading=\"lazy\" width=\"16\" height=\"16\" class=\"wp-image-4295\" style=\"width: 16px;\" src=\"https:\/\/www.musicotherapieaqm.org\/fr\/wp-content\/uploads\/2015\/12\/pdf.gif\" alt=\"\"><a rel=\"noreferrer noopener\" href=\"https:\/\/www.musicotherapieaqm.org\/fr\/wp-content\/uploads\/2015\/12\/fiches_anglais15.pdf\" target=\"_blank\">English clinical flyers<\/a><\/li><\/ul>\n","protected":false},"excerpt":{"rendered":"<p>Les fiches cliniques sont des fiches d&rsquo;informations d\u00e9crivant la fa\u00e7on dont la musicoth\u00e9rapie peut aider diverses client\u00e8les. T\u00e9l\u00e9chargez les fiches suivantes en cliquant sur le lien qui vous int\u00e9resse. Accident vasculaire c\u00e9r\u00e9bral (AVC), traumatisme cr\u00e2nio-c\u00e9r\u00e9bral (TCC) Dystrophie musculaire, paralysie c\u00e9r\u00e9brale, scl\u00e9rose en plaques, etc. Limitations physiques Maladie d&rsquo;Alzheimer et autres d\u00e9mences Troubles du spectre de [&hellip;]<\/p>\n","protected":false},"author":1,"featured_media":0,"parent":0,"menu_order":0,"comment_status":"closed","ping_status":"closed","template":"","meta":{"footnotes":""},"_links":{"self":[{"href":"https:\/\/www.musicotherapieaqm.org\/fr\/wp-json\/wp\/v2\/pages\/4120"}],"collection":[{"href":"https:\/\/www.musicotherapieaqm.org\/fr\/wp-json\/wp\/v2\/pages"}],"about":[{"href":"https:\/\/www.musicotherapieaqm.org\/fr\/wp-json\/wp\/v2\/types\/page"}],"author":[{"embeddable":true,"href":"https:\/\/www.musicotherapieaqm.org\/fr\/wp-json\/wp\/v2\/users\/1"}],"replies":[{"embeddable":true,"href":"https:\/\/www.musicotherapieaqm.org\/fr\/wp-json\/wp\/v2\/comments?post=4120"}],"version-history":[{"count":7,"href":"https:\/\/www.musicotherapieaqm.org\/fr\/wp-json\/wp\/v2\/pages\/4120\/revisions"}],"predecessor-version":[{"id":4316,"href":"https:\/\/www.musicotherapieaqm.org\/fr\/wp-json\/wp\/v2\/pages\/4120\/revisions\/4316"}],"wp:attachment":[{"href":"https:\/\/www.musicotherapieaqm.org\/fr\/wp-json\/wp\/v2\/media?parent=4120"}],"curies":[{"name":"wp","href":"https:\/\/api.w.org\/{rel}","templated":true}]}}