{"id":4122,"date":"2020-08-02T20:51:45","date_gmt":"2020-08-02T20:51:45","guid":{"rendered":"https:\/\/www.musicotherapieaqm.org\/fr\/?page_id=4122"},"modified":"2020-08-15T00:36:14","modified_gmt":"2020-08-15T00:36:14","slug":"materiel-promotionnel","status":"publish","type":"page","link":"https:\/\/www.musicotherapieaqm.org\/fr\/materiel-promotionnel\/","title":{"rendered":"Mat\u00e9riel promotionnel"},"content":{"rendered":"\n<p>Cette section contient des documents d&rsquo;information disponibles en ligne ainsi qu&rsquo;une liste d&rsquo;ouvrages de r\u00e9f\u00e9rence disponibles \u00e0 l&rsquo;AQM.<\/p>\n\n\n\n<p>Voici le d\u00e9pliant promotionnel de l&rsquo;association<br><img decoding=\"async\" loading=\"lazy\" width=\"16\" height=\"16\" class=\"wp-image-4295\" style=\"width: 16px;\" src=\"https:\/\/www.musicotherapieaqm.org\/fr\/wp-content\/uploads\/2015\/12\/pdf.gif\" alt=\"\"><a href=\"https:\/\/www.musicotherapieaqm.org\/fr\/wp-content\/uploads\/2015\/12\/AQM_depliant_2018.pdf\" target=\"_blank\" rel=\"noreferrer noopener\">D\u00e9pliant de l&rsquo;AQM<\/a><\/p>\n\n\n\n<p>Document pr\u00e9par\u00e9 par le Comit\u00e9 de d\u00e9veloppement professionnel de l&rsquo;AQM &#8211; Mars 2011<br><img decoding=\"async\" loading=\"lazy\" width=\"16\" height=\"16\" class=\"wp-image-4295\" style=\"width: 16px;\" src=\"https:\/\/www.musicotherapieaqm.org\/fr\/wp-content\/uploads\/2015\/12\/pdf.gif\" alt=\"\"><a href=\"https:\/\/www.musicotherapieaqm.org\/fr\/wp-content\/uploads\/2015\/12\/professionmt2016.pdf\" target=\"_blank\" rel=\"noreferrer noopener\">Profession : Musicoth\u00e9rapeute<\/a><\/p>\n\n\n\n<p>Les fiches cliniques sont des fiches d&rsquo;information d\u00e9crivant la fa\u00e7on dont la musicoth\u00e9rapie peut aider diverses client\u00e8les.<br><a href=\"\/fiches-cliniques\/\">Fiches cliniques<\/a><\/p>\n\n\n\n<p><img decoding=\"async\" loading=\"lazy\" width=\"16\" height=\"16\" class=\"wp-image-4295\" style=\"width: 16px;\" src=\"https:\/\/www.musicotherapieaqm.org\/fr\/wp-content\/uploads\/2015\/12\/pdf.gif\" alt=\"\"><a href=\"https:\/\/www.musicotherapieaqm.org\/fr\/wp-content\/uploads\/2015\/12\/Liste_des_etablissements.pdf\" target=\"_blank\" rel=\"noreferrer noopener\">Liste des milieux scolaires qui engagent des musicoth\u00e9rapeutes au Qu\u00e9bec (2012)<\/a><\/p>\n\n\n\n<p><\/p>\n\n\n\n<p><strong>Sites de publications en ligne sur la musicoth\u00e9rapie:<\/strong><br><a rel=\"noreferrer noopener\" href=\"http:\/\/www.voices.no\/\" target=\"_blank\">Publications en lignes dans VOICES.<\/a><br><a rel=\"noreferrer noopener\" href=\"http:\/\/musicotherapie.concordia.ca\/index_files\/Page2420.htm\" target=\"_blank\">S\u00e9ances de musicoth\u00e9rapie en milieu scolaire qu\u00e9b\u00e9cois.<\/a><\/p>\n","protected":false},"excerpt":{"rendered":"<p>Cette section contient des documents d&rsquo;information disponibles en ligne ainsi qu&rsquo;une liste d&rsquo;ouvrages de r\u00e9f\u00e9rence disponibles \u00e0 l&rsquo;AQM. Voici le d\u00e9pliant promotionnel de l&rsquo;associationD\u00e9pliant de l&rsquo;AQM Document pr\u00e9par\u00e9 par le Comit\u00e9 de d\u00e9veloppement professionnel de l&rsquo;AQM &#8211; Mars 2011Profession : Musicoth\u00e9rapeute Les fiches cliniques sont des fiches d&rsquo;information d\u00e9crivant la fa\u00e7on dont la musicoth\u00e9rapie peut [&hellip;]<\/p>\n","protected":false},"author":1,"featured_media":0,"parent":0,"menu_order":0,"comment_status":"closed","ping_status":"closed","template":"","meta":{"footnotes":""},"_links":{"self":[{"href":"https:\/\/www.musicotherapieaqm.org\/fr\/wp-json\/wp\/v2\/pages\/4122"}],"collection":[{"href":"https:\/\/www.musicotherapieaqm.org\/fr\/wp-json\/wp\/v2\/pages"}],"about":[{"href":"https:\/\/www.musicotherapieaqm.org\/fr\/wp-json\/wp\/v2\/types\/page"}],"author":[{"embeddable":true,"href":"https:\/\/www.musicotherapieaqm.org\/fr\/wp-json\/wp\/v2\/users\/1"}],"replies":[{"embeddable":true,"href":"https:\/\/www.musicotherapieaqm.org\/fr\/wp-json\/wp\/v2\/comments?post=4122"}],"version-history":[{"count":10,"href":"https:\/\/www.musicotherapieaqm.org\/fr\/wp-json\/wp\/v2\/pages\/4122\/revisions"}],"predecessor-version":[{"id":4356,"href":"https:\/\/www.musicotherapieaqm.org\/fr\/wp-json\/wp\/v2\/pages\/4122\/revisions\/4356"}],"wp:attachment":[{"href":"https:\/\/www.musicotherapieaqm.org\/fr\/wp-json\/wp\/v2\/media?parent=4122"}],"curies":[{"name":"wp","href":"https:\/\/api.w.org\/{rel}","templated":true}]}}