{"id":4124,"date":"2020-08-02T20:52:29","date_gmt":"2020-08-02T20:52:29","guid":{"rendered":"https:\/\/www.musicotherapieaqm.org\/fr\/?page_id=4124"},"modified":"2020-08-07T00:35:43","modified_gmt":"2020-08-07T00:35:43","slug":"guide-de-lemployeur","status":"publish","type":"page","link":"https:\/\/www.musicotherapieaqm.org\/fr\/guide-de-lemployeur\/","title":{"rendered":"Guide de l\u2019employeur"},"content":{"rendered":"\n<p>Au moment d&rsquo;envisager l&rsquo;implantation d&rsquo;un service en musicoth\u00e9rapie, plusieurs crit\u00e8res sont \u00e0 prendre en consid\u00e9ration afin d&rsquo;assurer un service de qualit\u00e9. Certains de ces crit\u00e8res doivent \u00eatre rencontr\u00e9s chez le candidat et d&rsquo;autres concernent le milieu de travail. Le comit\u00e9 de d\u00e9veloppement professionnel de l&rsquo;Association qu\u00e9b\u00e9coise de musicoth\u00e9rapie (AQM) a pr\u00e9par\u00e9 ce guide dans le but d&rsquo;aider l&#8217;employeur \u00e0 bien comprendre la profession de musicoth\u00e9rapeute pour en faire b\u00e9n\u00e9ficier sa client\u00e8le et son milieu de travail.<\/p>\n\n\n\n<p><strong><img decoding=\"async\" loading=\"lazy\" width=\"16\" height=\"16\" class=\"wp-image-4295\" style=\"width: 16px;\" src=\"https:\/\/www.musicotherapieaqm.org\/fr\/wp-content\/uploads\/2015\/12\/pdf.gif\" alt=\"\"><a rel=\"noreferrer noopener\" href=\"https:\/\/www.musicotherapieaqm.org\/fr\/wp-content\/uploads\/2015\/12\/Guide-dembauche-2010.pdf\" target=\"_blank\">Guide de l&#8217;employeur<\/a><\/strong><br>Document pr\u00e9par\u00e9 par le comit\u00e9 de d\u00e9veloppement professionnel de l&rsquo;Association qu\u00e9b\u00e9coise de musicoth\u00e9rapie.<br>Derni\u00e8re mise \u00e0 jour : Octobre 2010<\/p>\n","protected":false},"excerpt":{"rendered":"<p>Au moment d&rsquo;envisager l&rsquo;implantation d&rsquo;un service en musicoth\u00e9rapie, plusieurs crit\u00e8res sont \u00e0 prendre en consid\u00e9ration afin d&rsquo;assurer un service de qualit\u00e9. Certains de ces crit\u00e8res doivent \u00eatre rencontr\u00e9s chez le candidat et d&rsquo;autres concernent le milieu de travail. Le comit\u00e9 de d\u00e9veloppement professionnel de l&rsquo;Association qu\u00e9b\u00e9coise de musicoth\u00e9rapie (AQM) a pr\u00e9par\u00e9 ce guide dans le [&hellip;]<\/p>\n","protected":false},"author":1,"featured_media":0,"parent":0,"menu_order":0,"comment_status":"closed","ping_status":"closed","template":"","meta":{"footnotes":""},"_links":{"self":[{"href":"https:\/\/www.musicotherapieaqm.org\/fr\/wp-json\/wp\/v2\/pages\/4124"}],"collection":[{"href":"https:\/\/www.musicotherapieaqm.org\/fr\/wp-json\/wp\/v2\/pages"}],"about":[{"href":"https:\/\/www.musicotherapieaqm.org\/fr\/wp-json\/wp\/v2\/types\/page"}],"author":[{"embeddable":true,"href":"https:\/\/www.musicotherapieaqm.org\/fr\/wp-json\/wp\/v2\/users\/1"}],"replies":[{"embeddable":true,"href":"https:\/\/www.musicotherapieaqm.org\/fr\/wp-json\/wp\/v2\/comments?post=4124"}],"version-history":[{"count":5,"href":"https:\/\/www.musicotherapieaqm.org\/fr\/wp-json\/wp\/v2\/pages\/4124\/revisions"}],"predecessor-version":[{"id":4331,"href":"https:\/\/www.musicotherapieaqm.org\/fr\/wp-json\/wp\/v2\/pages\/4124\/revisions\/4331"}],"wp:attachment":[{"href":"https:\/\/www.musicotherapieaqm.org\/fr\/wp-json\/wp\/v2\/media?parent=4124"}],"curies":[{"name":"wp","href":"https:\/\/api.w.org\/{rel}","templated":true}]}}