{"id":4128,"date":"2020-08-02T20:53:56","date_gmt":"2020-08-02T20:53:56","guid":{"rendered":"https:\/\/www.musicotherapieaqm.org\/fr\/?page_id=4128"},"modified":"2021-10-03T20:57:38","modified_gmt":"2021-10-03T20:57:38","slug":"adhesion","status":"publish","type":"page","link":"https:\/\/www.musicotherapieaqm.org\/fr\/adhesion\/","title":{"rendered":"Adh\u00e9sion"},"content":{"rendered":"\n<p>Devenez membre<\/p>\n\n\n\n<p>.<\/p>\n\n\n\n<p>*<strong>* PAR INTERNET **<\/strong><\/p>\n\n\n\n<p>Contactez-nous pour l&rsquo;ouverture de votre Compte.<br>Puis vous pourrez vous connecter pour remplir votre fiche de Membre<br>et payez les frais d&rsquo;inscription.<\/p>\n\n\n\n<p>Pour nous contacter, <a href=\"https:\/\/www.musicotherapieaqm.org\/fr\/joindre\/\">cliquez-ci<\/a>.<\/p>\n\n\n\n<p>  .<\/p>\n\n\n\n<p><strong>** PAR LA POSTE **<\/strong><\/p>\n\n\n\n<p><strong>Demande d&rsquo;adh\u00e9sion version docx<\/strong><\/p>\n\n\n\n<p><a href=\"https:\/\/www.musicotherapieaqm.org\/fr\/wp-content\/uploads\/2015\/12\/attestation_de_statut_d_interne.doc\">Formulaire du statut d&rsquo;interne. (T\u00c9L\u00c9CHARGER)<\/a><\/p>\n\n\n\n\n\n<p><strong>Association qu\u00e9b\u00e9coise de musicoth\u00e9rapie<br>CP 56053<br>Montr\u00e9al. Qc<br>H3Z 3G3<\/strong><\/p>\n\n\n\n<p>N&rsquo;oubliez pas d&rsquo;inclure un ch\u00e8que ou mandat poste au montant \u00e9quivalent \u00e0 la cat\u00e9gorie de membre pour laquelle vous postulez. Le formulaire contient les tarifs par cat\u00e9gorie de membres tel qu&rsquo;indiqu\u00e9 ci-dessous.<\/p>\n\n\n\n<p>.<\/p>\n\n\n\n<p><strong>CAT\u00c9GORIES DE MEMBRES<\/strong><\/p>\n\n\n\n<p><br><strong>A) Musicoth\u00e9rapeute accr\u00e9dit\u00e9 (MTA) 110$ (120$ apr\u00e8s le 1er d\u00e9cembre)<\/strong><\/p>\n\n\n\n<p>Cat\u00e9gorie votante, ouverte \u00e0 tout musicoth\u00e9rapeute accr\u00e9dit\u00e9 par l\u2019Association de musicoth\u00e9rapie du Canada (AMC) qui en est et en demeure en r\u00e8gle.<\/p>\n\n\n\n<p><br><strong>B) Musicoth\u00e9rapeute accr\u00e9dit\u00e9\/\u00c9tudes sup\u00e9rieures 77$ (87$ apr\u00e8s le 1er d\u00e9cembre)<\/strong><\/p>\n\n\n\n<p>Cat\u00e9gorie votante, ouverte \u00e0 tout musicoth\u00e9rapeute accr\u00e9dit\u00e9 par l\u2019AMC ou par une association professionnelle de musicoth\u00e9rapie reconnue par l\u2019AMC qui en est et en demeure un membre en r\u00e8gle et qui est engag\u00e9 \u00e0 temps plein dans des \u00e9tudes sup\u00e9rieures. Preuve d\u2019\u00e9tudes requise.<\/p>\n\n\n\n<p>.<br><\/p>\n\n\n\n<p><strong>C) Musicoth\u00e9rapeute-interne (MTI) 38.50$ (aucun frais de retard)<\/strong><\/p>\n\n\n\n<p>Cat\u00e9gorie votante, ouverte \u00e0 tout interne en musicoth\u00e9rapie selon les normes de l\u2019AMC qui en est et en demeure un membre en r\u00e8gle, et toute personne qui soumet son dossier d\u2019accr\u00e9ditation \u00e0 l\u2019AMC dans les 2 ann\u00e9es suivant la date de l\u2019inscription \u00e0 l\u2019internat. Un membre internet (MTI) peut devenir inactif s\u2019il fournit \u00e0 l\u2019AQM et \u00e0 l\u2019AMC une lettre justifiant de fa\u00e7on raisonnable (ex. : cong\u00e9 de maternit\u00e9 ou de maladie) son retrait temporaire de l\u2019internat ou du processus d\u2019accr\u00e9ditation. L\u2019AQM, l\u2019AMC et le membre doivent s\u2019entendre sur la dur\u00e9e de ce retrait. La dur\u00e9e maximale dans cette cat\u00e9gorie est de deux ans. Formulaire Attestation du statut d\u2019interne ou de musicoth\u00e9rapeute en voie d\u2019accr\u00e9ditation d\u00fbment rempli et sign\u00e9 requis.<\/p>\n\n\n\n<p>.<br><\/p>\n\n\n\n<p><strong>D) Musicoth\u00e9rapeute Retrait\u00e9\/Inactif (MTA R\/I) 77$ (87$ apr\u00e8s le 1er d\u00e9cembre)<\/strong><\/p>\n\n\n\n<p>Cat\u00e9gorie votante, ouverte \u00e0 tout individu qui a le statut de Musicoth\u00e9rapeute accr\u00e9dit\u00e9 (MTA) et qui n\u2019est pas activement impliqu\u00e9 dans la pratique de la musicoth\u00e9rapie. Ce statut donne aussi le droit d\u2019exercer une fonction au sein de l\u2019association.<\/p>\n\n\n\n<p>.<br><\/p>\n\n\n\n<p><strong>E) Membre \u00e9tudiant autres-domaines 33$ (aucun frais de retard)<\/strong><\/p>\n\n\n\n<p>Cat\u00e9gorie non votante, ouverte \u00e0 tout \u00e9tudiant y compris une personne mineure. Preuve d\u2019\u00e9tudes \u00e0 temps plein requise.<\/p>\n\n\n\n<p>.<br><\/p>\n\n\n\n<p><strong>F) Membre associ\u00e9 77$ (aucun frais de retard)<\/strong><\/p>\n\n\n\n<p>Cat\u00e9gorie non votante, ouverte \u00e0 toute personne int\u00e9ress\u00e9e par la musicoth\u00e9rapie, toute institution ainsi que toute personne morale, soci\u00e9t\u00e9, association ou fiducie int\u00e9ress\u00e9e \u00e0 promouvoir les objectifs de l\u2019AQM.<\/p>\n\n\n\n<p>.<br><\/p>\n\n\n\n<p><strong>G) Membre honoraire (aucun frais)<\/strong><\/p>\n\n\n\n<p>Cat\u00e9gorie votante, ouverte \u00e0 toute personne qui devient membre \u00e0 vie par d\u00e9signation du conseil d\u2019administration de l\u2019AQM pour sa contribution exceptionnelle \u00e0 l\u2019AQM ou dans le domaine de la musicoth\u00e9rapie.<\/p>\n\n\n\n<p>.<br><strong>&laquo; Aucun ch\u00e8que postdat\u00e9 accept\u00e9. Les ch\u00e8ques retourn\u00e9s (sans fond) seront factur\u00e9s 10$ de plus pour couvrir les frais bancaires. &raquo;<\/strong><\/p>\n","protected":false},"excerpt":{"rendered":"<p>Devenez membre . ** PAR INTERNET ** Contactez-nous pour l&rsquo;ouverture de votre Compte.Puis vous pourrez vous connecter pour remplir votre fiche de Membreet payez les frais d&rsquo;inscription. Pour nous contacter, cliquez-ci. . ** PAR LA POSTE ** Demande d&rsquo;adh\u00e9sion version docx Formulaire du statut d&rsquo;interne. (T\u00c9L\u00c9CHARGER) Association qu\u00e9b\u00e9coise de musicoth\u00e9rapieCP 56053Montr\u00e9al. QcH3Z 3G3 N&rsquo;oubliez pas [&hellip;]<\/p>\n","protected":false},"author":1,"featured_media":0,"parent":0,"menu_order":0,"comment_status":"closed","ping_status":"closed","template":"","meta":{"footnotes":""},"_links":{"self":[{"href":"https:\/\/www.musicotherapieaqm.org\/fr\/wp-json\/wp\/v2\/pages\/4128"}],"collection":[{"href":"https:\/\/www.musicotherapieaqm.org\/fr\/wp-json\/wp\/v2\/pages"}],"about":[{"href":"https:\/\/www.musicotherapieaqm.org\/fr\/wp-json\/wp\/v2\/types\/page"}],"author":[{"embeddable":true,"href":"https:\/\/www.musicotherapieaqm.org\/fr\/wp-json\/wp\/v2\/users\/1"}],"replies":[{"embeddable":true,"href":"https:\/\/www.musicotherapieaqm.org\/fr\/wp-json\/wp\/v2\/comments?post=4128"}],"version-history":[{"count":24,"href":"https:\/\/www.musicotherapieaqm.org\/fr\/wp-json\/wp\/v2\/pages\/4128\/revisions"}],"predecessor-version":[{"id":4588,"href":"https:\/\/www.musicotherapieaqm.org\/fr\/wp-json\/wp\/v2\/pages\/4128\/revisions\/4588"}],"wp:attachment":[{"href":"https:\/\/www.musicotherapieaqm.org\/fr\/wp-json\/wp\/v2\/media?parent=4128"}],"curies":[{"name":"wp","href":"https:\/\/api.w.org\/{rel}","templated":true}]}}