{"id":4130,"date":"2020-08-02T20:54:29","date_gmt":"2020-08-02T20:54:29","guid":{"rendered":"https:\/\/www.musicotherapieaqm.org\/fr\/?page_id=4130"},"modified":"2021-01-18T17:32:29","modified_gmt":"2021-01-18T17:32:29","slug":"infolettre","status":"publish","type":"page","link":"https:\/\/www.musicotherapieaqm.org\/fr\/infolettre\/","title":{"rendered":"Infolettre"},"content":{"rendered":"\n<div class=\"wp-block-image\"><figure class=\"alignright size-large is-resized\"><img decoding=\"async\" loading=\"lazy\" src=\"https:\/\/www.musicotherapieaqm.org\/fr\/wp-content\/uploads\/2021\/01\/Capture-d\u2019e\u0301cran-2021-01-18-a\u0300-12.16.03.png\" alt=\"\" class=\"wp-image-4493\" width=\"383\" height=\"237\"\/><\/figure><\/div>\n\n\n\n<h2 class=\"has-text-align-center wp-block-heading\">Abonnez-vous \u00e0 l&rsquo;infolettre!<\/h2>\n\n\n\n<p><\/p>\n\n\n\n<p class=\"has-text-align-center\">Tous les trois mois, une infolettre est envoy\u00e9e afin de vous informer sur les nouveaut\u00e9s de l&rsquo;AQM, les \u00e9v\u00e8nements \u00e0 venir et plus encore! <\/p>\n\n\n\n<p><\/p>\n\n\n\n<h2 class=\"has-text-align-center wp-block-heading\"><a rel=\"noreferrer noopener\" href=\"http:\/\/eepurl.com\/gSEEnP\" target=\"_blank\">Cliquez ici <\/a><\/h2>\n","protected":false},"excerpt":{"rendered":"<p>Abonnez-vous \u00e0 l&rsquo;infolettre! Tous les trois mois, une infolettre est envoy\u00e9e afin de vous informer sur les nouveaut\u00e9s de l&rsquo;AQM, les \u00e9v\u00e8nements \u00e0 venir et plus encore! Cliquez ici<\/p>\n","protected":false},"author":1,"featured_media":0,"parent":0,"menu_order":0,"comment_status":"closed","ping_status":"closed","template":"","meta":{"footnotes":""},"_links":{"self":[{"href":"https:\/\/www.musicotherapieaqm.org\/fr\/wp-json\/wp\/v2\/pages\/4130"}],"collection":[{"href":"https:\/\/www.musicotherapieaqm.org\/fr\/wp-json\/wp\/v2\/pages"}],"about":[{"href":"https:\/\/www.musicotherapieaqm.org\/fr\/wp-json\/wp\/v2\/types\/page"}],"author":[{"embeddable":true,"href":"https:\/\/www.musicotherapieaqm.org\/fr\/wp-json\/wp\/v2\/users\/1"}],"replies":[{"embeddable":true,"href":"https:\/\/www.musicotherapieaqm.org\/fr\/wp-json\/wp\/v2\/comments?post=4130"}],"version-history":[{"count":23,"href":"https:\/\/www.musicotherapieaqm.org\/fr\/wp-json\/wp\/v2\/pages\/4130\/revisions"}],"predecessor-version":[{"id":4504,"href":"https:\/\/www.musicotherapieaqm.org\/fr\/wp-json\/wp\/v2\/pages\/4130\/revisions\/4504"}],"wp:attachment":[{"href":"https:\/\/www.musicotherapieaqm.org\/fr\/wp-json\/wp\/v2\/media?parent=4130"}],"curies":[{"name":"wp","href":"https:\/\/api.w.org\/{rel}","templated":true}]}}