{"id":4226,"date":"2020-08-06T01:25:45","date_gmt":"2020-08-06T01:25:45","guid":{"rendered":"https:\/\/www.musicotherapieaqm.org\/fr\/?page_id=4226"},"modified":"2021-01-21T16:54:13","modified_gmt":"2021-01-21T16:54:13","slug":"mission","status":"publish","type":"page","link":"https:\/\/www.musicotherapieaqm.org\/fr\/mission\/","title":{"rendered":"Notre mission"},"content":{"rendered":"\n<h3 class=\"wp-block-heading\">L\u2019AQM a pour mission de :<\/h3>\n\n\n\n<p><strong>Diffuser<\/strong> de l\u2019information sur la pratique de la musicoth\u00e9rapie et sur les normes cliniques et d\u00e9ontologiques qui la r\u00e9gissent<br><strong>Regrouper<\/strong> et informer les musicoth\u00e9rapeutes, les \u00e9tudiants et les personnes int\u00e9ress\u00e9es \u00e0 la musicoth\u00e9rapie<br><strong>Promouvoir<\/strong> le d\u00e9veloppement de services de musicoth\u00e9rapie au Qu\u00e9bec<br><strong>Soutenir<\/strong> la formation continue des musicoth\u00e9rapeutes en leur offrant du perfectionnement<br><strong>Stimuler<\/strong> la recherche en musicoth\u00e9rapie<\/p>\n\n\n\n<br>\n\n\n\n<h2 class=\"wp-block-heading\">  <\/h2>\n\n\n\n<p><\/p>\n\n\n\n<h3 class=\"wp-block-heading\">L&rsquo;AQM offre \u00e0 ses membres :<\/h3>\n\n\n\n<ul><li>Le r\u00e9pertoire des membres<\/li><li>Un code de d\u00e9ontologie<\/li><li>Des moyens d\u2019encourager et de concr\u00e9tiser l\u2019internat (pochette d\u2019internat, mentorat)<\/li><li>Des outils de promotion (d\u00e9pliants, dossiers de presse, etc.)<\/li><li>La diffusion d\u2019offres d\u2019emploi par courriel <\/li><li>Un centre de documentation<\/li><li>Des regroupements professionnels sp\u00e9cifiques \u00e0 chaque client\u00e8le<\/li><li>Un rabais pour les ateliers de perfectionnement et le colloque biennal.<\/li><\/ul>\n","protected":false},"excerpt":{"rendered":"<p>L\u2019AQM a pour mission de : Diffuser de l\u2019information sur la pratique de la musicoth\u00e9rapie et sur les normes cliniques et d\u00e9ontologiques qui la r\u00e9gissentRegrouper et informer les musicoth\u00e9rapeutes, les \u00e9tudiants et les personnes int\u00e9ress\u00e9es \u00e0 la musicoth\u00e9rapiePromouvoir le d\u00e9veloppement de services de musicoth\u00e9rapie au Qu\u00e9becSoutenir la formation continue des musicoth\u00e9rapeutes en leur offrant du [&hellip;]<\/p>\n","protected":false},"author":1,"featured_media":0,"parent":0,"menu_order":0,"comment_status":"closed","ping_status":"closed","template":"","meta":{"footnotes":""},"_links":{"self":[{"href":"https:\/\/www.musicotherapieaqm.org\/fr\/wp-json\/wp\/v2\/pages\/4226"}],"collection":[{"href":"https:\/\/www.musicotherapieaqm.org\/fr\/wp-json\/wp\/v2\/pages"}],"about":[{"href":"https:\/\/www.musicotherapieaqm.org\/fr\/wp-json\/wp\/v2\/types\/page"}],"author":[{"embeddable":true,"href":"https:\/\/www.musicotherapieaqm.org\/fr\/wp-json\/wp\/v2\/users\/1"}],"replies":[{"embeddable":true,"href":"https:\/\/www.musicotherapieaqm.org\/fr\/wp-json\/wp\/v2\/comments?post=4226"}],"version-history":[{"count":16,"href":"https:\/\/www.musicotherapieaqm.org\/fr\/wp-json\/wp\/v2\/pages\/4226\/revisions"}],"predecessor-version":[{"id":4510,"href":"https:\/\/www.musicotherapieaqm.org\/fr\/wp-json\/wp\/v2\/pages\/4226\/revisions\/4510"}],"wp:attachment":[{"href":"https:\/\/www.musicotherapieaqm.org\/fr\/wp-json\/wp\/v2\/media?parent=4226"}],"curies":[{"name":"wp","href":"https:\/\/api.w.org\/{rel}","templated":true}]}}