{"id":4228,"date":"2020-08-06T01:26:29","date_gmt":"2020-08-06T01:26:29","guid":{"rendered":"https:\/\/www.musicotherapieaqm.org\/fr\/?page_id=4228"},"modified":"2021-04-19T22:02:06","modified_gmt":"2021-04-19T22:02:06","slug":"a-propos","status":"publish","type":"page","link":"https:\/\/www.musicotherapieaqm.org\/fr\/a-propos\/","title":{"rendered":"Historique de l\u2019AQM"},"content":{"rendered":"\n<h3 class=\"wp-block-heading\">L&rsquo;Association qu\u00e9b\u00e9coise de musicoth\u00e9rapie<\/h3>\n\n\n\n<p>L&rsquo;Association qu\u00e9b\u00e9coise de musicoth\u00e9rapie (AQM) est une section provinciale de l&rsquo;Association canadienne des musicoth\u00e9rapeutes (ACM). L&rsquo;AQM est une organisation \u00e0 but non lucratif regroupant des musicoth\u00e9rapeutes, des internes et des \u00e9tudiants en musicoth\u00e9rapie ainsi que toute personne et organisme int\u00e9ress\u00e9s par la musicoth\u00e9rapie.<\/p>\n\n\n\n<p>Le premier regroupement des musicoth\u00e9rapeutes au Qu\u00e9bec a \u00e9t\u00e9 fond\u00e9 en 1990. En 1992, ce regroupement devient l\u2019association professionnelle des musicoth\u00e9rapeutes du Qu\u00e9bec, pour enfin devenir en 1995 l\u2019association qu\u00e9b\u00e9coise de musicoth\u00e9rapie. Depuis 1996, l\u2019AQM organise et offre de la formation continue, des ateliers ainsi que des colloques \u00e0 ses membres.<\/p>\n\n\n\n<p>L&rsquo;AQM est une association en pleine expansion travaillant au d\u00e9veloppement de multiples dossiers tels que la transmission aupr\u00e8s du public d\u2019une information juste et actuelle sur l\u2019intervention en musicoth\u00e9rapie; l\u2019avancement des connaissances sur ce mode d\u2019intervention et la reconnaissance de la profession par les instances gouvernementales.<\/p>\n","protected":false},"excerpt":{"rendered":"<p>L&rsquo;Association qu\u00e9b\u00e9coise de musicoth\u00e9rapie L&rsquo;Association qu\u00e9b\u00e9coise de musicoth\u00e9rapie (AQM) est une section provinciale de l&rsquo;Association canadienne des musicoth\u00e9rapeutes (ACM). L&rsquo;AQM est une organisation \u00e0 but non lucratif regroupant des musicoth\u00e9rapeutes, des internes et des \u00e9tudiants en musicoth\u00e9rapie ainsi que toute personne et organisme int\u00e9ress\u00e9s par la musicoth\u00e9rapie. Le premier regroupement des musicoth\u00e9rapeutes au Qu\u00e9bec a [&hellip;]<\/p>\n","protected":false},"author":1,"featured_media":0,"parent":0,"menu_order":0,"comment_status":"closed","ping_status":"closed","template":"","meta":{"footnotes":""},"_links":{"self":[{"href":"https:\/\/www.musicotherapieaqm.org\/fr\/wp-json\/wp\/v2\/pages\/4228"}],"collection":[{"href":"https:\/\/www.musicotherapieaqm.org\/fr\/wp-json\/wp\/v2\/pages"}],"about":[{"href":"https:\/\/www.musicotherapieaqm.org\/fr\/wp-json\/wp\/v2\/types\/page"}],"author":[{"embeddable":true,"href":"https:\/\/www.musicotherapieaqm.org\/fr\/wp-json\/wp\/v2\/users\/1"}],"replies":[{"embeddable":true,"href":"https:\/\/www.musicotherapieaqm.org\/fr\/wp-json\/wp\/v2\/comments?post=4228"}],"version-history":[{"count":7,"href":"https:\/\/www.musicotherapieaqm.org\/fr\/wp-json\/wp\/v2\/pages\/4228\/revisions"}],"predecessor-version":[{"id":4571,"href":"https:\/\/www.musicotherapieaqm.org\/fr\/wp-json\/wp\/v2\/pages\/4228\/revisions\/4571"}],"wp:attachment":[{"href":"https:\/\/www.musicotherapieaqm.org\/fr\/wp-json\/wp\/v2\/media?parent=4228"}],"curies":[{"name":"wp","href":"https:\/\/api.w.org\/{rel}","templated":true}]}}