{"id":4281,"date":"2020-08-06T21:37:13","date_gmt":"2020-08-06T21:37:13","guid":{"rendered":"https:\/\/www.musicotherapieaqm.org\/fr\/?page_id=4281"},"modified":"2021-04-19T22:00:45","modified_gmt":"2021-04-19T22:00:45","slug":"formation","status":"publish","type":"page","link":"https:\/\/www.musicotherapieaqm.org\/fr\/formation\/","title":{"rendered":"Formation d\u2019un musicoth\u00e9rapeute MTA"},"content":{"rendered":"\n<h3 class=\"wp-block-heading\">Cinq programmes universitaires canadiens offrent cette formation.<\/h3>\n\n\n\n<p><a href=\"http:\/\/www.concordia.ca\/academics\/graduate\/music-therapy.html\" target=\"_blank\" rel=\"noreferrer noopener\">Universit\u00e9 Concordia<\/a> (Qu\u00e9bec)<br><a href=\"https:\/\/students.wlu.ca\/programs\/music\/index.html\" target=\"_blank\" rel=\"noreferrer noopener\">Wilfrid Laurier University<\/a> (Ontario)<br><a href=\"https:\/\/music.acadiau.ca\/degree-programs.html\" target=\"_blank\" rel=\"noreferrer noopener\">Acadia University<\/a> (Nouvelle-\u00c9cosse)<br><a href=\"http:\/\/www.capilanou.ca\/music-therapy\/\" target=\"_blank\" rel=\"noreferrer noopener\">Capilano College<\/a> (Colombie-Britannique)<br><a href=\"http:\/\/www.cmu.ca\/academics.php?s=musictherapy\" target=\"_blank\" rel=\"noreferrer noopener\">Canadian Mennonite University<\/a> (Manitoba)<\/p>\n\n\n\n<div style=\"height:41px\" aria-hidden=\"true\" class=\"wp-block-spacer\"><\/div>\n\n\n\n<h3 class=\"wp-block-heading\">Deux programmes de deuxi\u00e8me cycle sont offerts en musicoth\u00e9rapie<\/h3>\n\n\n\n<p><a href=\"http:\/\/www.concordia.ca\/academics\/graduate\/art-therapy.html\" target=\"_blank\" rel=\"noreferrer noopener\">Universit\u00e9 Concordia<\/a> (Qu\u00e9bec)<br><a href=\"https:\/\/students.wlu.ca\/programs\/music\/index.html\" target=\"_blank\" rel=\"noreferrer noopener\">Wilfrid Laurier University<\/a> (Ontario)<\/p>\n\n\n\n<p>Plusieurs musicoth\u00e9rapeutes accr\u00e9dit\u00e9s obtiennent leur dipl\u00f4me de ma\u00eetrise en musicoth\u00e9rapie. Ces derni\u00e8res ann\u00e9es, un nombre grandissant de musicoth\u00e9rapeutes accr\u00e9dit\u00e9s poursuivent \u00e9galement des \u00e9tudes de doctorat en musicoth\u00e9rapie ou dans un domaine connexe compl\u00e9mentaire. L&rsquo;AQM consid\u00e8re que la porte d&rsquo;entr\u00e9e de la profession devra \u00eatre la ma\u00eetrise d\u2019ici quelques ann\u00e9es.<\/p>\n\n\n\n<div style=\"height:41px\" aria-hidden=\"true\" class=\"wp-block-spacer\"><\/div>\n\n\n\n<h3 class=\"wp-block-heading\">Information sur le Programme de doctorat :<\/h3>\n\n\n\n<p><a href=\"http:\/\/www.concordia.ca\/academics\/graduate\/art-therapy.html\" target=\"_blank\" rel=\"noreferrer noopener\">Universit\u00e9 Concordia<\/a> (Qu\u00e9bec)<\/p>\n\n\n\n<div style=\"height:31px\" aria-hidden=\"true\" class=\"wp-block-spacer\"><\/div>\n\n\n\n<p>Pour pratiquer sa profession, le musicoth\u00e9rapeute doit \u00eatre accr\u00e9dit\u00e9 par l&rsquo; <a rel=\"noreferrer noopener\" href=\"http:\/\/www.musictherapy.ca\/fr\/\" target=\"_blank\"><strong>Association canadienne des musicoth\u00e9rapeutes<\/strong><\/a> (ACM) et en demeurer membre actif en r\u00e8gle afin de maintenir son statut de musicoth\u00e9rapeute accr\u00e9dit\u00e9 (MTA). Un internat comprenant 1000 heures de pratique clinique supervis\u00e9e par un MTA constitue une des conditions de l&rsquo;accr\u00e9ditation. Il existe aussi plusieurs associations de musicoth\u00e9rapie provinciales \u00e0 travers le Canada, incluant l&rsquo;Association qu\u00e9b\u00e9coise de musicoth\u00e9rapie dont la plupart des musicoth\u00e9rapeutes accr\u00e9dit\u00e9s qu\u00e9b\u00e9cois sont \u00e9galement membres actifs.<\/p>\n","protected":false},"excerpt":{"rendered":"<p>Cinq programmes universitaires canadiens offrent cette formation. Universit\u00e9 Concordia (Qu\u00e9bec)Wilfrid Laurier University (Ontario)Acadia University (Nouvelle-\u00c9cosse)Capilano College (Colombie-Britannique)Canadian Mennonite University (Manitoba) Deux programmes de deuxi\u00e8me cycle sont offerts en musicoth\u00e9rapie Universit\u00e9 Concordia (Qu\u00e9bec)Wilfrid Laurier University (Ontario) Plusieurs musicoth\u00e9rapeutes accr\u00e9dit\u00e9s obtiennent leur dipl\u00f4me de ma\u00eetrise en musicoth\u00e9rapie. Ces derni\u00e8res ann\u00e9es, un nombre grandissant de musicoth\u00e9rapeutes accr\u00e9dit\u00e9s poursuivent [&hellip;]<\/p>\n","protected":false},"author":1,"featured_media":0,"parent":0,"menu_order":0,"comment_status":"closed","ping_status":"closed","template":"","meta":{"footnotes":""},"_links":{"self":[{"href":"https:\/\/www.musicotherapieaqm.org\/fr\/wp-json\/wp\/v2\/pages\/4281"}],"collection":[{"href":"https:\/\/www.musicotherapieaqm.org\/fr\/wp-json\/wp\/v2\/pages"}],"about":[{"href":"https:\/\/www.musicotherapieaqm.org\/fr\/wp-json\/wp\/v2\/types\/page"}],"author":[{"embeddable":true,"href":"https:\/\/www.musicotherapieaqm.org\/fr\/wp-json\/wp\/v2\/users\/1"}],"replies":[{"embeddable":true,"href":"https:\/\/www.musicotherapieaqm.org\/fr\/wp-json\/wp\/v2\/comments?post=4281"}],"version-history":[{"count":16,"href":"https:\/\/www.musicotherapieaqm.org\/fr\/wp-json\/wp\/v2\/pages\/4281\/revisions"}],"predecessor-version":[{"id":4570,"href":"https:\/\/www.musicotherapieaqm.org\/fr\/wp-json\/wp\/v2\/pages\/4281\/revisions\/4570"}],"wp:attachment":[{"href":"https:\/\/www.musicotherapieaqm.org\/fr\/wp-json\/wp\/v2\/media?parent=4281"}],"curies":[{"name":"wp","href":"https:\/\/api.w.org\/{rel}","templated":true}]}}